{"id":1401,"date":"2021-11-12T09:45:10","date_gmt":"2021-11-12T09:45:10","guid":{"rendered":"https:\/\/blockart-charity.sites.qsandbox.com\/?page_id=1080"},"modified":"2022-12-01T12:33:49","modified_gmt":"2022-12-01T12:33:49","slug":"about-2","status":"publish","type":"page","link":"https:\/\/www.nfmls.foundation\/?page_id=1401","title":{"rendered":"About"},"content":{"rendered":"\n<div class=\"blockart-section blockart-section-b82c55d0\"><div class=\"blockart-container\"><div class=\"blockart-section-inner\">\n<div class=\"blockart-column blockart-column-a916f7f6\"><div class=\"blockart-column-inner\">\n<h2 class=\"blockart-heading blockart-heading-c9bce7b8\">Kdo jsme<\/h2>\n\n\n\n<div class=\"blockart-section blockart-section-ea8c199e\"><div class=\"blockart-container\"><div class=\"blockart-section-inner\">\n<div class=\"blockart-column blockart-column-df6bdf9d\"><div class=\"blockart-column-inner\">\n<div class=\"blockart-image blockart-image-68e5c108\"><img loading=\"lazy\" decoding=\"async\" class=\"wp-image-1460\" src=\"http:\/\/www.nfmls.foundation\/wp-content\/uploads\/2022\/11\/DSCN1558-scaled.jpg\" alt=\"\" height=\"2289\" width=\"2560\" srcset=\"https:\/\/www.nfmls.foundation\/wp-content\/uploads\/2022\/11\/DSCN1558-scaled.jpg 2560w, https:\/\/www.nfmls.foundation\/wp-content\/uploads\/2022\/11\/DSCN1558-300x268.jpg 300w, https:\/\/www.nfmls.foundation\/wp-content\/uploads\/2022\/11\/DSCN1558-1024x916.jpg 1024w, https:\/\/www.nfmls.foundation\/wp-content\/uploads\/2022\/11\/DSCN1558-768x687.jpg 768w, https:\/\/www.nfmls.foundation\/wp-content\/uploads\/2022\/11\/DSCN1558-1536x1373.jpg 1536w, https:\/\/www.nfmls.foundation\/wp-content\/uploads\/2022\/11\/DSCN1558-2048x1831.jpg 2048w, https:\/\/www.nfmls.foundation\/wp-content\/uploads\/2022\/11\/DSCN1558-600x536.jpg 600w\" sizes=\"auto, (max-width: 2560px) 100vw, 2560px\" \/><\/div>\n\n\n\n<h3 class=\"blockart-heading blockart-heading-f7923626\">Na\u0161e vize<\/h3>\n\n\n\n<p class=\"blockart-paragraph blockart-paragraph-cbe06b84\">C\u00edlem nada\u010dn\u00edho fondu je p\u0159edev\u0161\u00edm zaji\u0161t\u011bn\u00ed finan\u010dn\u00edch prost\u0159edk\u016f pro osoby s handicapem, kter\u00e9 t\u011bmto lidem umo\u017en\u00ed \u017e\u00edt kvalitn\u011bji sv\u016fj \u017eivot. <\/p>\n\n\n<\/div><\/div>\n\n\n\n<div class=\"blockart-column blockart-column-4f9ee8b6\"><div class=\"blockart-column-inner\">\n<div class=\"blockart-image blockart-image-f5130224\"><img loading=\"lazy\" decoding=\"async\" class=\"wp-image-1459\" src=\"http:\/\/www.nfmls.foundation\/wp-content\/uploads\/2022\/11\/Zaverecne-zkousky-PRS2-scaled.jpg\" alt=\"\" height=\"2560\" width=\"2556\" srcset=\"https:\/\/www.nfmls.foundation\/wp-content\/uploads\/2022\/11\/Zaverecne-zkousky-PRS2-scaled.jpg 2556w, https:\/\/www.nfmls.foundation\/wp-content\/uploads\/2022\/11\/Zaverecne-zkousky-PRS2-300x300.jpg 300w, https:\/\/www.nfmls.foundation\/wp-content\/uploads\/2022\/11\/Zaverecne-zkousky-PRS2-1022x1024.jpg 1022w, https:\/\/www.nfmls.foundation\/wp-content\/uploads\/2022\/11\/Zaverecne-zkousky-PRS2-150x150.jpg 150w, https:\/\/www.nfmls.foundation\/wp-content\/uploads\/2022\/11\/Zaverecne-zkousky-PRS2-768x769.jpg 768w, https:\/\/www.nfmls.foundation\/wp-content\/uploads\/2022\/11\/Zaverecne-zkousky-PRS2-1533x1536.jpg 1533w, https:\/\/www.nfmls.foundation\/wp-content\/uploads\/2022\/11\/Zaverecne-zkousky-PRS2-2044x2048.jpg 2044w, https:\/\/www.nfmls.foundation\/wp-content\/uploads\/2022\/11\/Zaverecne-zkousky-PRS2-600x601.jpg 600w, https:\/\/www.nfmls.foundation\/wp-content\/uploads\/2022\/11\/Zaverecne-zkousky-PRS2-100x100.jpg 100w\" sizes=\"auto, (max-width: 2556px) 100vw, 2556px\" \/><\/div>\n\n\n\n<h3 class=\"blockart-heading blockart-heading-601be4f0\">Na\u0161e mise<\/h3>\n\n\n\n<p class=\"blockart-paragraph blockart-paragraph-f85305c2\">Our mission is&#8230;.<\/p>\n\n\n<\/div><\/div>\n<\/div><\/div><\/div>\n<\/div><\/div>\n<\/div><\/div><\/div>\n\n\n\n<div class=\"blockart-section blockart-section-4cbdff45\"><div class=\"blockart-overlay\"><\/div><div class=\"blockart-container\"><div class=\"blockart-section-inner\">\n<div class=\"blockart-column blockart-column-d5029fe6\"><div class=\"blockart-column-inner\"><\/div><\/div>\n\n\n\n<div class=\"blockart-column blockart-column-4903d490\"><div class=\"blockart-column-inner\">\n<h2 class=\"blockart-heading blockart-heading-ec15b3bb\"><strong>500<\/strong><\/h2>\n\n\n\n<p class=\"blockart-paragraph blockart-paragraph-92e0009d\">STAFFS<\/p>\n\n\n\n<h2 class=\"blockart-heading blockart-heading-8882ed45\"><strong><strong>200<\/strong><\/strong><\/h2>\n\n\n\n<p class=\"blockart-paragraph blockart-paragraph-364f34c1\"><strong>PROJECTS<\/strong><\/p>\n<\/div><\/div>\n\n\n\n<div class=\"blockart-column blockart-column-fdde61ad\"><div class=\"blockart-column-inner\">\n<h2 class=\"blockart-heading blockart-heading-6c9addd4\"><strong><strong>60<\/strong><\/strong><\/h2>\n\n\n\n<p class=\"blockart-paragraph blockart-paragraph-9aaa4857\"><strong>COUNTRIES<\/strong><\/p>\n\n\n\n<h2 class=\"blockart-heading blockart-heading-1b019620\"><strong><strong><strong>320<\/strong><\/strong><\/strong><\/h2>\n\n\n\n<p class=\"blockart-paragraph blockart-paragraph-47f3bb4f\"><strong><strong>DONATE<\/strong><\/strong><\/p>\n<\/div><\/div>\n<\/div><\/div><\/div>\n\n\n\n<div class=\"blockart-section blockart-section-92eea1d9\"><div class=\"blockart-container\"><div class=\"blockart-section-inner\">\n<div class=\"blockart-column blockart-column-8f132979\"><div class=\"blockart-column-inner\">\n<h2 class=\"blockart-heading blockart-heading-a39ec168\"><strong>We need you and your help<\/strong><\/h2>\n\n\n\n<p class=\"blockart-paragraph blockart-paragraph-8482596b\">It\u2019s impossible to help people without people helping others. We always need volunteer who love to help.<\/p>\n\n\n\n<div class=\"blockart-buttons blockart-buttons-b0fa747f is-justification-left is-horizontal is-wrap\">\n<div class=\"blockart-button blockart-button-72412cfe \"><a class=\"blockart-button-link is-custom is-style-filled\">VOLUNTEER<\/a><\/div>\n<\/div>\n<\/div><\/div>\n\n\n\n<div class=\"blockart-column blockart-column-37f152f6\"><div class=\"blockart-column-inner\">\n<div class=\"blockart-image blockart-image-e7b9aae2\"><img loading=\"lazy\" decoding=\"async\" class=\"wp-image-1135\" src=\"http:\/\/www.nfmls.foundation\/wp-content\/uploads\/2021\/11\/rawpixel-1.jpg\" alt=\"\" height=\"683\" width=\"765\" srcset=\"https:\/\/www.nfmls.foundation\/wp-content\/uploads\/2021\/11\/rawpixel-1.jpg 765w, https:\/\/www.nfmls.foundation\/wp-content\/uploads\/2021\/11\/rawpixel-1-600x536.jpg 600w, https:\/\/www.nfmls.foundation\/wp-content\/uploads\/2021\/11\/rawpixel-1-300x268.jpg 300w\" sizes=\"auto, (max-width: 765px) 100vw, 765px\" \/><\/div>\n<\/div><\/div>\n<\/div><\/div><\/div>\n","protected":false},"excerpt":{"rendered":"","protected":false},"author":1,"featured_media":0,"parent":0,"menu_order":0,"comment_status":"closed","ping_status":"closed","template":"","meta":{"neve_meta_sidebar":"","neve_meta_container":"","neve_meta_enable_content_width":"","neve_meta_content_width":0,"neve_meta_title_alignment":"","neve_meta_author_avatar":"","neve_post_elements_order":"","neve_meta_disable_header":"","neve_meta_disable_footer":"","neve_meta_disable_title":"","_themeisle_gutenberg_block_has_review":false,"_ti_tpc_template_sync":false,"_ti_tpc_template_id":"","footnotes":""},"class_list":["post-1401","page","type-page","status-publish","hentry"],"_links":{"self":[{"href":"https:\/\/www.nfmls.foundation\/index.php?rest_route=\/wp\/v2\/pages\/1401","targetHints":{"allow":["GET"]}}],"collection":[{"href":"https:\/\/www.nfmls.foundation\/index.php?rest_route=\/wp\/v2\/pages"}],"about":[{"href":"https:\/\/www.nfmls.foundation\/index.php?rest_route=\/wp\/v2\/types\/page"}],"author":[{"embeddable":true,"href":"https:\/\/www.nfmls.foundation\/index.php?rest_route=\/wp\/v2\/users\/1"}],"replies":[{"embeddable":true,"href":"https:\/\/www.nfmls.foundation\/index.php?rest_route=%2Fwp%2Fv2%2Fcomments&post=1401"}],"version-history":[{"count":4,"href":"https:\/\/www.nfmls.foundation\/index.php?rest_route=\/wp\/v2\/pages\/1401\/revisions"}],"predecessor-version":[{"id":1479,"href":"https:\/\/www.nfmls.foundation\/index.php?rest_route=\/wp\/v2\/pages\/1401\/revisions\/1479"}],"wp:attachment":[{"href":"https:\/\/www.nfmls.foundation\/index.php?rest_route=%2Fwp%2Fv2%2Fmedia&parent=1401"}],"curies":[{"name":"wp","href":"https:\/\/api.w.org\/{rel}","templated":true}]}}